{"id":12,"date":"2022-05-23T14:14:07","date_gmt":"2022-05-23T14:14:07","guid":{"rendered":"https:\/\/buntes-miteinander-geisenhausen.de\/?page_id=12"},"modified":"2024-10-11T10:37:43","modified_gmt":"2024-10-11T08:37:43","slug":"was-wir-anbieten","status":"publish","type":"page","link":"https:\/\/buntes-miteinander-geisenhausen.de\/?page_id=12","title":{"rendered":"Was wir anbieten"},"content":{"rendered":"\n<p class=\"has-medium-font-size\">Wir haben uns zur Aufgabe gemacht, gefl\u00fcchteten Menschen den Anfang in Deutschland den Anfang in unserer Gesellschaft zu erleichtern, unmittelbare Not zu lindern, und dabei Nachhaltigkeit nicht aus den Augen zu verlieren. Deshalb bieten wir Hilfe auf verschiedenen Bereichen an.<\/p>\n\n\n\n<ul class=\"wp-block-list has-medium-font-size\">\n<li>Deutschkurse f\u00fcr unterschiedliche Zielgruppen und Altersstufen<\/li>\n\n\n\n<li>Kinderbetreuung<\/li>\n\n\n\n<li>Hausaufgabenbetreuung und Nachhilfe<\/li>\n\n\n\n<li>Freizeitangebote f\u00fcr Kinder &amp; Erwachsene<\/li>\n\n\n\n<li>Unterst\u00fctzung und Begleitung bei Beh\u00f6rdeng\u00e4ngen, Arztbesuchen etc.<\/li>\n\n\n\n<li>Die <a href=\"https:\/\/buntes-miteinander-geisenhausen.de\/?page_id=24\">&#8222;Truhe&#8220;<\/a><\/li>\n\n\n\n<li>Mobilit\u00e4tsunterst\u00fctzung<\/li>\n\n\n\n<li>F\u00f6rderung der Teilhabe am \u00f6ffentlichen Leben<\/li>\n<\/ul>\n\n\n\n<p class=\"has-medium-font-size\"><\/p>\n","protected":false},"excerpt":{"rendered":"<p>Wir haben uns zur Aufgabe gemacht, gefl\u00fcchteten Menschen den Anfang in Deutschland den Anfang in unserer Gesellschaft zu erleichtern, unmittelbare Not zu lindern, und dabei &hellip;<\/p>\n","protected":false},"author":1,"featured_media":0,"parent":0,"menu_order":0,"comment_status":"closed","ping_status":"closed","template":"","meta":{"footnotes":""},"class_list":["post-12","page","type-page","status-publish","hentry"],"_links":{"self":[{"href":"https:\/\/buntes-miteinander-geisenhausen.de\/index.php?rest_route=\/wp\/v2\/pages\/12","targetHints":{"allow":["GET"]}}],"collection":[{"href":"https:\/\/buntes-miteinander-geisenhausen.de\/index.php?rest_route=\/wp\/v2\/pages"}],"about":[{"href":"https:\/\/buntes-miteinander-geisenhausen.de\/index.php?rest_route=\/wp\/v2\/types\/page"}],"author":[{"embeddable":true,"href":"https:\/\/buntes-miteinander-geisenhausen.de\/index.php?rest_route=\/wp\/v2\/users\/1"}],"replies":[{"embeddable":true,"href":"https:\/\/buntes-miteinander-geisenhausen.de\/index.php?rest_route=%2Fwp%2Fv2%2Fcomments&post=12"}],"version-history":[{"count":6,"href":"https:\/\/buntes-miteinander-geisenhausen.de\/index.php?rest_route=\/wp\/v2\/pages\/12\/revisions"}],"predecessor-version":[{"id":295,"href":"https:\/\/buntes-miteinander-geisenhausen.de\/index.php?rest_route=\/wp\/v2\/pages\/12\/revisions\/295"}],"wp:attachment":[{"href":"https:\/\/buntes-miteinander-geisenhausen.de\/index.php?rest_route=%2Fwp%2Fv2%2Fmedia&parent=12"}],"curies":[{"name":"wp","href":"https:\/\/api.w.org\/{rel}","templated":true}]}}