{"id":22,"date":"2022-05-23T14:51:37","date_gmt":"2022-05-23T14:51:37","guid":{"rendered":"https:\/\/buntes-miteinander-geisenhausen.de\/?page_id=22"},"modified":"2022-05-23T14:51:39","modified_gmt":"2022-05-23T14:51:39","slug":"ihr-engagement-ist-so-hilfreich","status":"publish","type":"page","link":"https:\/\/buntes-miteinander-geisenhausen.de\/?page_id=22","title":{"rendered":"Ihr Engagement ist so hilfreich"},"content":{"rendered":"\n<p>Unsere Aktivit\u00e4ten sind bunt und vielf\u00e4ltig. Wir suchen dringend nach Unterst\u00fctzer*innen, die sich pers\u00f6nlich einbringen wollen. Konkreter Bedarf besteht im Moment bei folgenden Projekten:<\/p>\n\n\n\n<ul class=\"wp-block-list\"><li><strong>Teilnehmer\/Organisatoren von offenen Frauentreffen<\/strong><\/li><li>Sprachpaten f\u00fcr einzelne Personen<\/li><li>Hausaufgabenbetreuung und Nachhilfe<\/li><li>Deutschlehrer<\/li><li>Dolmetscher<\/li><li><strong>Hilfe bei der Fahrradwerkstatt<\/strong><\/li><li>Handwerker\u00a0 (Schrankaufbau, Hilfe bei Umz\u00fcgen usw.)<\/li><li>Hilfe bei Job- und Wohnungssuche<\/li><li>Gemeinsame Freizeitaktivit\u00e4ten\u00a0 (Fu\u00dfball schauen, Ausfl\u00fcge usw.)<\/li><li>Gestaltung von Sommerfesten<\/li><li>Familienpatenschaften<\/li><\/ul>\n\n\n\n<p>Nat\u00fcrlich helfen wir Ihnen, besprechen mit Ihnen welche Aufgaben sie gerne machen, und f\u00fchren Sie ein. F\u00fcr uns ist wichtig, dass Sie sich bei Ihrer T\u00e4tigkeit wohl f\u00fchlen, und Sie auf Ihre eigenen Bed\u00fcrfnisse acht geben. Bei Problemen haben Sie die M\u00f6glichkeit an einer Supervision teilzunehmen, oder mit Kollegen zu sprechen. <\/p>\n\n\n\n<p>Im Hintergrund sorgen wir f\u00fcr die Absicherung Ihrer T\u00e4tigkeit bei Unfall- und Haftpflicht-Sch\u00e4den.  <\/p>\n","protected":false},"excerpt":{"rendered":"<p>Unsere Aktivit\u00e4ten sind bunt und vielf\u00e4ltig. Wir suchen dringend nach Unterst\u00fctzer*innen, die sich pers\u00f6nlich einbringen wollen. Konkreter Bedarf besteht im Moment bei folgenden Projekten: Teilnehmer\/Organisatoren &hellip;<\/p>\n","protected":false},"author":1,"featured_media":0,"parent":0,"menu_order":0,"comment_status":"closed","ping_status":"closed","template":"","meta":{"footnotes":""},"class_list":["post-22","page","type-page","status-publish","hentry"],"_links":{"self":[{"href":"https:\/\/buntes-miteinander-geisenhausen.de\/index.php?rest_route=\/wp\/v2\/pages\/22","targetHints":{"allow":["GET"]}}],"collection":[{"href":"https:\/\/buntes-miteinander-geisenhausen.de\/index.php?rest_route=\/wp\/v2\/pages"}],"about":[{"href":"https:\/\/buntes-miteinander-geisenhausen.de\/index.php?rest_route=\/wp\/v2\/types\/page"}],"author":[{"embeddable":true,"href":"https:\/\/buntes-miteinander-geisenhausen.de\/index.php?rest_route=\/wp\/v2\/users\/1"}],"replies":[{"embeddable":true,"href":"https:\/\/buntes-miteinander-geisenhausen.de\/index.php?rest_route=%2Fwp%2Fv2%2Fcomments&post=22"}],"version-history":[{"count":1,"href":"https:\/\/buntes-miteinander-geisenhausen.de\/index.php?rest_route=\/wp\/v2\/pages\/22\/revisions"}],"predecessor-version":[{"id":23,"href":"https:\/\/buntes-miteinander-geisenhausen.de\/index.php?rest_route=\/wp\/v2\/pages\/22\/revisions\/23"}],"wp:attachment":[{"href":"https:\/\/buntes-miteinander-geisenhausen.de\/index.php?rest_route=%2Fwp%2Fv2%2Fmedia&parent=22"}],"curies":[{"name":"wp","href":"https:\/\/api.w.org\/{rel}","templated":true}]}}